{"id":208,"date":"2020-08-19T19:57:10","date_gmt":"2020-08-19T17:57:10","guid":{"rendered":"https:\/\/chevrerie-du-houtland.fr\/?page_id=208"},"modified":"2020-08-20T20:45:14","modified_gmt":"2020-08-20T18:45:14","slug":"lexploitation-en-bref","status":"publish","type":"page","link":"https:\/\/chevrerie-du-houtland.fr\/?page_id=208","title":{"rendered":"Reportage"},"content":{"rendered":"\n<p>Quoi de mieux que quelques photos et une vid\u00e9o pour faire vos premiers pas dans la ferme!<\/p>\n<p>Sophie et Didier Deram sont venus \u00e0 3 reprises durant les mois de juin et juillet 2020 pour tourner une vid\u00e9o qui nous emm\u00e8ne de la matin\u00e9e d&rsquo;accueil des nouveaux Wormhoutois en 2018 vers les premiers fromages en 2020.<br>Ils ont ainsi r\u00e9alis\u00e9 un film qui pr\u00e9sente toutes les facettes de l&rsquo;exploitation: la ferme, les ch\u00e8vres, la p\u00e2ture, la traite, la fabrication du fromage et enfin la vente sur le march\u00e9 de Wormhout le mercredi matin.<br>Un grand merci \u00e0 ces 2 reporters aguerris qui ont su capter l&rsquo;\u00e9tat d&rsquo;esprit de l&rsquo;exploitation et le retranscrire en images de mani\u00e8re ludique, p\u00e9tillante et humoristique.<br>Vous pouvez retrouver la vid\u00e9o sur le site de <a href=\"https:\/\/fr-fr.facebook.com\/WormhoutEcho\/videos\/vb.334094136772477\/300334308077631\/?type=2&amp;theater\" target=\"_blank\" rel=\"noopener noreferrer\">Wormhout&rsquo;Echo.<\/a><\/p>\n<p>Ci-apr\u00e8s quelques photos du \u00ab\u00a0tournage\u00a0\u00bb!<\/p>\n\n\n\n<figure class=\"wp-block-gallery columns-2 is-cropped wp-block-gallery-1 is-layout-flex wp-block-gallery-is-layout-flex\"><ul class=\"blocks-gallery-grid\"><li class=\"blocks-gallery-item\"><figure><a href=\"https:\/\/chevrerie-du-houtland.fr\/wp-content\/uploads\/2020\/08\/entree_1-1024x683.jpg\"><img loading=\"lazy\" decoding=\"async\" width=\"1024\" height=\"683\" src=\"https:\/\/chevrerie-du-houtland.fr\/wp-content\/uploads\/2020\/08\/entree_1-1024x683.jpg\" alt=\"\" data-id=\"221\" data-link=\"https:\/\/chevrerie-du-houtland.fr\/?attachment_id=221\" class=\"wp-image-221\" srcset=\"https:\/\/chevrerie-du-houtland.fr\/wp-content\/uploads\/2020\/08\/entree_1-1024x683.jpg 1024w, https:\/\/chevrerie-du-houtland.fr\/wp-content\/uploads\/2020\/08\/entree_1-300x200.jpg 300w, https:\/\/chevrerie-du-houtland.fr\/wp-content\/uploads\/2020\/08\/entree_1-768x512.jpg 768w, https:\/\/chevrerie-du-houtland.fr\/wp-content\/uploads\/2020\/08\/entree_1-1200x800.jpg 1200w, https:\/\/chevrerie-du-houtland.fr\/wp-content\/uploads\/2020\/08\/entree_1.jpg 1500w\" sizes=\"auto, (max-width: 709px) 85vw, (max-width: 909px) 67vw, (max-width: 1362px) 62vw, 840px\" \/><\/a><figcaption class=\"blocks-gallery-item__caption\">L&rsquo;entr\u00e9e de la ferme<\/figcaption><\/figure><\/li><li class=\"blocks-gallery-item\"><figure><a href=\"https:\/\/chevrerie-du-houtland.fr\/wp-content\/uploads\/2020\/08\/anna-1024x683.jpg\"><img loading=\"lazy\" decoding=\"async\" width=\"1024\" height=\"683\" src=\"https:\/\/chevrerie-du-houtland.fr\/wp-content\/uploads\/2020\/08\/anna-1024x683.jpg\" alt=\"\" data-id=\"214\" data-link=\"https:\/\/chevrerie-du-houtland.fr\/?attachment_id=214\" class=\"wp-image-214\" srcset=\"https:\/\/chevrerie-du-houtland.fr\/wp-content\/uploads\/2020\/08\/anna-1024x683.jpg 1024w, https:\/\/chevrerie-du-houtland.fr\/wp-content\/uploads\/2020\/08\/anna-300x200.jpg 300w, https:\/\/chevrerie-du-houtland.fr\/wp-content\/uploads\/2020\/08\/anna-768x512.jpg 768w, https:\/\/chevrerie-du-houtland.fr\/wp-content\/uploads\/2020\/08\/anna-1200x800.jpg 1200w, https:\/\/chevrerie-du-houtland.fr\/wp-content\/uploads\/2020\/08\/anna.jpg 1500w\" sizes=\"auto, (max-width: 709px) 85vw, (max-width: 909px) 67vw, (max-width: 1362px) 62vw, 840px\" \/><\/a><figcaption class=\"blocks-gallery-item__caption\">Anna<\/figcaption><\/figure><\/li><li class=\"blocks-gallery-item\"><figure><a href=\"https:\/\/chevrerie-du-houtland.fr\/wp-content\/uploads\/2020\/08\/goutte_neige_prune-1024x683.jpg\"><img loading=\"lazy\" decoding=\"async\" width=\"1024\" height=\"683\" src=\"https:\/\/chevrerie-du-houtland.fr\/wp-content\/uploads\/2020\/08\/goutte_neige_prune-1024x683.jpg\" alt=\"\" data-id=\"215\" data-link=\"https:\/\/chevrerie-du-houtland.fr\/?attachment_id=215\" class=\"wp-image-215\" srcset=\"https:\/\/chevrerie-du-houtland.fr\/wp-content\/uploads\/2020\/08\/goutte_neige_prune-1024x683.jpg 1024w, https:\/\/chevrerie-du-houtland.fr\/wp-content\/uploads\/2020\/08\/goutte_neige_prune-300x200.jpg 300w, https:\/\/chevrerie-du-houtland.fr\/wp-content\/uploads\/2020\/08\/goutte_neige_prune-768x512.jpg 768w, https:\/\/chevrerie-du-houtland.fr\/wp-content\/uploads\/2020\/08\/goutte_neige_prune-1200x800.jpg 1200w, https:\/\/chevrerie-du-houtland.fr\/wp-content\/uploads\/2020\/08\/goutte_neige_prune.jpg 1500w\" sizes=\"auto, (max-width: 709px) 85vw, (max-width: 909px) 67vw, (max-width: 1362px) 62vw, 840px\" \/><\/a><figcaption class=\"blocks-gallery-item__caption\">Goutte &#8211; Neige &#8211; Prune<\/figcaption><\/figure><\/li><li class=\"blocks-gallery-item\"><figure><a href=\"https:\/\/chevrerie-du-houtland.fr\/wp-content\/uploads\/2020\/08\/prune-1024x683.jpg\"><img loading=\"lazy\" decoding=\"async\" width=\"1024\" height=\"683\" src=\"https:\/\/chevrerie-du-houtland.fr\/wp-content\/uploads\/2020\/08\/prune-1024x683.jpg\" alt=\"\" data-id=\"216\" data-link=\"https:\/\/chevrerie-du-houtland.fr\/?attachment_id=216\" class=\"wp-image-216\" srcset=\"https:\/\/chevrerie-du-houtland.fr\/wp-content\/uploads\/2020\/08\/prune-1024x683.jpg 1024w, https:\/\/chevrerie-du-houtland.fr\/wp-content\/uploads\/2020\/08\/prune-300x200.jpg 300w, https:\/\/chevrerie-du-houtland.fr\/wp-content\/uploads\/2020\/08\/prune-768x512.jpg 768w, https:\/\/chevrerie-du-houtland.fr\/wp-content\/uploads\/2020\/08\/prune-1200x800.jpg 1200w, https:\/\/chevrerie-du-houtland.fr\/wp-content\/uploads\/2020\/08\/prune.jpg 1500w\" sizes=\"auto, (max-width: 709px) 85vw, (max-width: 909px) 67vw, (max-width: 1362px) 62vw, 840px\" \/><\/a><figcaption class=\"blocks-gallery-item__caption\">Prune<\/figcaption><\/figure><\/li><li class=\"blocks-gallery-item\"><figure><a href=\"https:\/\/chevrerie-du-houtland.fr\/wp-content\/uploads\/2020\/08\/ebene-1024x683.jpg\"><img loading=\"lazy\" decoding=\"async\" width=\"1024\" height=\"683\" src=\"https:\/\/chevrerie-du-houtland.fr\/wp-content\/uploads\/2020\/08\/ebene-1024x683.jpg\" alt=\"\" data-id=\"218\" data-link=\"https:\/\/chevrerie-du-houtland.fr\/?attachment_id=218\" class=\"wp-image-218\" srcset=\"https:\/\/chevrerie-du-houtland.fr\/wp-content\/uploads\/2020\/08\/ebene-1024x683.jpg 1024w, https:\/\/chevrerie-du-houtland.fr\/wp-content\/uploads\/2020\/08\/ebene-300x200.jpg 300w, https:\/\/chevrerie-du-houtland.fr\/wp-content\/uploads\/2020\/08\/ebene-768x512.jpg 768w, https:\/\/chevrerie-du-houtland.fr\/wp-content\/uploads\/2020\/08\/ebene-1200x800.jpg 1200w, https:\/\/chevrerie-du-houtland.fr\/wp-content\/uploads\/2020\/08\/ebene.jpg 1500w\" sizes=\"auto, (max-width: 709px) 85vw, (max-width: 909px) 67vw, (max-width: 1362px) 62vw, 840px\" \/><\/a><figcaption class=\"blocks-gallery-item__caption\">Eb\u00e8ne la benjamine<\/figcaption><\/figure><\/li><li class=\"blocks-gallery-item\"><figure><a href=\"https:\/\/chevrerie-du-houtland.fr\/wp-content\/uploads\/2020\/08\/retour_de_pature-1024x683.jpg\"><img loading=\"lazy\" decoding=\"async\" width=\"1024\" height=\"683\" src=\"https:\/\/chevrerie-du-houtland.fr\/wp-content\/uploads\/2020\/08\/retour_de_pature-1024x683.jpg\" alt=\"\" data-id=\"219\" data-link=\"https:\/\/chevrerie-du-houtland.fr\/?attachment_id=219\" class=\"wp-image-219\" srcset=\"https:\/\/chevrerie-du-houtland.fr\/wp-content\/uploads\/2020\/08\/retour_de_pature-1024x683.jpg 1024w, https:\/\/chevrerie-du-houtland.fr\/wp-content\/uploads\/2020\/08\/retour_de_pature-300x200.jpg 300w, https:\/\/chevrerie-du-houtland.fr\/wp-content\/uploads\/2020\/08\/retour_de_pature-768x512.jpg 768w, https:\/\/chevrerie-du-houtland.fr\/wp-content\/uploads\/2020\/08\/retour_de_pature-1200x800.jpg 1200w, https:\/\/chevrerie-du-houtland.fr\/wp-content\/uploads\/2020\/08\/retour_de_pature.jpg 1500w\" sizes=\"auto, (max-width: 709px) 85vw, (max-width: 909px) 67vw, (max-width: 1362px) 62vw, 840px\" \/><\/a><figcaption class=\"blocks-gallery-item__caption\">Retour de p\u00e2ture<\/figcaption><\/figure><\/li><li class=\"blocks-gallery-item\"><figure><a href=\"https:\/\/chevrerie-du-houtland.fr\/wp-content\/uploads\/2020\/08\/traite-1024x683.jpg\"><img loading=\"lazy\" decoding=\"async\" width=\"1024\" height=\"683\" src=\"https:\/\/chevrerie-du-houtland.fr\/wp-content\/uploads\/2020\/08\/traite-1024x683.jpg\" alt=\"\" data-id=\"222\" data-link=\"https:\/\/chevrerie-du-houtland.fr\/?attachment_id=222\" class=\"wp-image-222\" srcset=\"https:\/\/chevrerie-du-houtland.fr\/wp-content\/uploads\/2020\/08\/traite-1024x683.jpg 1024w, https:\/\/chevrerie-du-houtland.fr\/wp-content\/uploads\/2020\/08\/traite-300x200.jpg 300w, https:\/\/chevrerie-du-houtland.fr\/wp-content\/uploads\/2020\/08\/traite-768x512.jpg 768w, https:\/\/chevrerie-du-houtland.fr\/wp-content\/uploads\/2020\/08\/traite-1200x800.jpg 1200w, https:\/\/chevrerie-du-houtland.fr\/wp-content\/uploads\/2020\/08\/traite.jpg 1500w\" sizes=\"auto, (max-width: 709px) 85vw, (max-width: 909px) 67vw, (max-width: 1362px) 62vw, 840px\" \/><\/a><figcaption class=\"blocks-gallery-item__caption\">La traite<\/figcaption><\/figure><\/li><li class=\"blocks-gallery-item\"><figure><a href=\"https:\/\/chevrerie-du-houtland.fr\/wp-content\/uploads\/2020\/08\/moulage-1024x683.jpg\"><img loading=\"lazy\" decoding=\"async\" width=\"1024\" height=\"683\" src=\"https:\/\/chevrerie-du-houtland.fr\/wp-content\/uploads\/2020\/08\/moulage-1024x683.jpg\" alt=\"\" data-id=\"223\" data-link=\"https:\/\/chevrerie-du-houtland.fr\/?attachment_id=223\" class=\"wp-image-223\" srcset=\"https:\/\/chevrerie-du-houtland.fr\/wp-content\/uploads\/2020\/08\/moulage-1024x683.jpg 1024w, https:\/\/chevrerie-du-houtland.fr\/wp-content\/uploads\/2020\/08\/moulage-300x200.jpg 300w, https:\/\/chevrerie-du-houtland.fr\/wp-content\/uploads\/2020\/08\/moulage-768x512.jpg 768w, https:\/\/chevrerie-du-houtland.fr\/wp-content\/uploads\/2020\/08\/moulage-1200x800.jpg 1200w, https:\/\/chevrerie-du-houtland.fr\/wp-content\/uploads\/2020\/08\/moulage.jpg 1500w\" sizes=\"auto, (max-width: 709px) 85vw, (max-width: 909px) 67vw, (max-width: 1362px) 62vw, 840px\" \/><\/a><figcaption class=\"blocks-gallery-item__caption\">Le moulage<\/figcaption><\/figure><\/li><li class=\"blocks-gallery-item\"><figure><a href=\"https:\/\/chevrerie-du-houtland.fr\/wp-content\/uploads\/2020\/08\/marche-1024x683.jpg\"><img loading=\"lazy\" decoding=\"async\" width=\"1024\" height=\"683\" src=\"https:\/\/chevrerie-du-houtland.fr\/wp-content\/uploads\/2020\/08\/marche-1024x683.jpg\" alt=\"\" data-id=\"224\" data-link=\"https:\/\/chevrerie-du-houtland.fr\/?attachment_id=224\" class=\"wp-image-224\" srcset=\"https:\/\/chevrerie-du-houtland.fr\/wp-content\/uploads\/2020\/08\/marche-1024x683.jpg 1024w, https:\/\/chevrerie-du-houtland.fr\/wp-content\/uploads\/2020\/08\/marche-300x200.jpg 300w, https:\/\/chevrerie-du-houtland.fr\/wp-content\/uploads\/2020\/08\/marche-768x512.jpg 768w, https:\/\/chevrerie-du-houtland.fr\/wp-content\/uploads\/2020\/08\/marche-1200x800.jpg 1200w, https:\/\/chevrerie-du-houtland.fr\/wp-content\/uploads\/2020\/08\/marche.jpg 1500w\" sizes=\"auto, (max-width: 709px) 85vw, (max-width: 909px) 67vw, (max-width: 1362px) 62vw, 840px\" \/><\/a><figcaption class=\"blocks-gallery-item__caption\">March\u00e9 de Wormhout<\/figcaption><\/figure><\/li><li class=\"blocks-gallery-item\"><figure><a href=\"https:\/\/chevrerie-du-houtland.fr\/wp-content\/uploads\/2020\/08\/vitrine_ferme.jpg\"><img loading=\"lazy\" decoding=\"async\" width=\"1024\" height=\"683\" src=\"https:\/\/chevrerie-du-houtland.fr\/wp-content\/uploads\/2020\/08\/vitrine_ferme-1024x683.jpg\" alt=\"\" data-id=\"225\" data-full-url=\"https:\/\/chevrerie-du-houtland.fr\/wp-content\/uploads\/2020\/08\/vitrine_ferme.jpg\" data-link=\"https:\/\/chevrerie-du-houtland.fr\/?attachment_id=225\" class=\"wp-image-225\" srcset=\"https:\/\/chevrerie-du-houtland.fr\/wp-content\/uploads\/2020\/08\/vitrine_ferme-1024x683.jpg 1024w, https:\/\/chevrerie-du-houtland.fr\/wp-content\/uploads\/2020\/08\/vitrine_ferme-300x200.jpg 300w, https:\/\/chevrerie-du-houtland.fr\/wp-content\/uploads\/2020\/08\/vitrine_ferme-768x512.jpg 768w, https:\/\/chevrerie-du-houtland.fr\/wp-content\/uploads\/2020\/08\/vitrine_ferme-1200x800.jpg 1200w, https:\/\/chevrerie-du-houtland.fr\/wp-content\/uploads\/2020\/08\/vitrine_ferme.jpg 1500w\" sizes=\"auto, (max-width: 709px) 85vw, (max-width: 909px) 67vw, (max-width: 1362px) 62vw, 840px\" \/><\/a><figcaption class=\"blocks-gallery-item__caption\">La vitrine qui vous attend \u00e0 la ferme<\/figcaption><\/figure><\/li><\/ul><figcaption class=\"blocks-gallery-caption\">Les photos du tournage<\/figcaption><\/figure>\n","protected":false},"excerpt":{"rendered":"<p>Quoi de mieux que quelques photos et une vid\u00e9o pour faire vos premiers pas dans la ferme! Sophie et Didier Deram sont venus \u00e0 3 reprises durant les mois de juin et juillet 2020 pour tourner une vid\u00e9o qui nous emm\u00e8ne de la matin\u00e9e d&rsquo;accueil des nouveaux Wormhoutois en 2018 vers les premiers fromages en &hellip; <a href=\"https:\/\/chevrerie-du-houtland.fr\/?page_id=208\" class=\"more-link\">Continuer la lecture<span class=\"screen-reader-text\"> de &laquo;&nbsp;Reportage&nbsp;&raquo;<\/span><\/a><\/p>\n","protected":false},"author":1,"featured_media":0,"parent":0,"menu_order":0,"comment_status":"closed","ping_status":"closed","template":"","meta":{"footnotes":""},"class_list":["post-208","page","type-page","status-publish","hentry"],"_links":{"self":[{"href":"https:\/\/chevrerie-du-houtland.fr\/index.php?rest_route=\/wp\/v2\/pages\/208","targetHints":{"allow":["GET"]}}],"collection":[{"href":"https:\/\/chevrerie-du-houtland.fr\/index.php?rest_route=\/wp\/v2\/pages"}],"about":[{"href":"https:\/\/chevrerie-du-houtland.fr\/index.php?rest_route=\/wp\/v2\/types\/page"}],"author":[{"embeddable":true,"href":"https:\/\/chevrerie-du-houtland.fr\/index.php?rest_route=\/wp\/v2\/users\/1"}],"replies":[{"embeddable":true,"href":"https:\/\/chevrerie-du-houtland.fr\/index.php?rest_route=%2Fwp%2Fv2%2Fcomments&post=208"}],"version-history":[{"count":19,"href":"https:\/\/chevrerie-du-houtland.fr\/index.php?rest_route=\/wp\/v2\/pages\/208\/revisions"}],"predecessor-version":[{"id":264,"href":"https:\/\/chevrerie-du-houtland.fr\/index.php?rest_route=\/wp\/v2\/pages\/208\/revisions\/264"}],"wp:attachment":[{"href":"https:\/\/chevrerie-du-houtland.fr\/index.php?rest_route=%2Fwp%2Fv2%2Fmedia&parent=208"}],"curies":[{"name":"wp","href":"https:\/\/api.w.org\/{rel}","templated":true}]}}